{"id":16,"date":"2021-01-15T07:52:14","date_gmt":"2021-01-15T06:52:14","guid":{"rendered":"https:\/\/online-fachtagung.de\/bahntechnik-symposium-2021\/?page_id=16"},"modified":"2021-01-18T06:02:22","modified_gmt":"2021-01-18T05:02:22","slug":"anmeldung","status":"publish","type":"page","link":"https:\/\/online-fachtagung.de\/bahntechnik-symposium-2021\/anmeldung\/","title":{"rendered":"Anmeldung"},"content":{"rendered":"<h4>ANMELDEFORMULAR f\u00fcr das BAHNTECHNIK-SYMPOSIUM 2021<\/h4>\n<p>(Das Symposium wird &#8211; wegen der Corona-Situation &#8211; im Hybrid-Format angeboten, d.h. 1. Teil im Online-Format sowie ein optionaler 2. Teil als Pr\u00e4senzveranstaltung inklusive Networking-Event.)<\/p>\n<p style=\"text-align: right;\"><span style=\"color: #ffffff;\">.<\/span><span style=\"color: #ffffff;\">.<\/span><\/p>\n<h2>Online-Anmeldung<\/h2>\n<p style=\"text-align: right;\">.<\/p>\n<p>Im Webshop k\u00f6nnen folgende TICKETS in den WARENKORB gelegt und verbindlich gebucht werden.<\/p>\n<p>1. Kategorie: <span style=\"color: #ff0000;\"><strong>STANDARD-Ticket f\u00fcr das Bahntechnik-Symposium &#8211; ALLE Konferenztage<\/strong><\/span> (Online-Fachtagung plus Pr\u00e4senzveranstaltung) &gt;&gt;&gt; <a class=\"art-button\" href=\"https:\/\/webserver.vereine-und-verbaende.de\/webshop\/produkt\/bahntechnik-symposium-2021-standard-ticket\/\">799 \u20acuro<\/a><\/p>\n<p>2. Kategorie: <span style=\"color: #ff0000;\"><strong>ONLINE-Ticket f\u00fcr das Bahntechnik-Symposium<\/strong><\/span> am 28.-29.01.2021 (Online-Fachtagung ohne Pr\u00e4senzveranstaltung)\u00a0 &gt;&gt;&gt; <a class=\"art-button\" href=\"https:\/\/webserver.vereine-und-verbaende.de\/webshop\/produkt\/bahntechnik-symposium-2021-online-ticket-ohne-praesenz\/\">449 \u20acuro<\/a><\/p>\n<p>3a. Kategorie: <span style=\"color: #ff0000;\"><strong>EINTAGES-Ticket &#8211; nur f\u00fcr Rail Noise<\/strong><\/span> (L\u00e4rmschutz-Module am 28.01.)\u00a0 als Online-Fachtagung (ohne Pr\u00e4senzveranstaltung) &gt;&gt;&gt; <a class=\"art-button\" href=\"https:\/\/webserver.vereine-und-verbaende.de\/webshop\/produkt\/bahntechnik-symposium-2021-eintagesticket-rail-noise-ohne-praesenzveranstaltung\/\">249 \u20acuro<\/a><\/p>\n<p>3b. Kategorie: <span style=\"color: #ff0000;\"><strong>EINTAGES-Ticket &#8211; nur f\u00fcr Urban Rail<\/strong><\/span> (Stra\u00dfenbahn-Module am 29.01.) als Online-Fachtagung (ohne Pr\u00e4senzveranstaltung) &gt;&gt;&gt; <a class=\"art-button\" href=\"https:\/\/webserver.vereine-und-verbaende.de\/webshop\/produkt\/bahntechnik-symposium-2021-eintagesticket-urban-rail-ohne-praesenzveranstaltung\/\">249 \u20acuro<\/a><\/p>\n<p>4. Kategorie: Ticket f\u00fcr den <span style=\"color: #ff0000;\"><strong>EXTRA-TAG zum Bahntechnik-Symposium<\/strong><\/span> (Pr\u00e4senzveranstaltung plus Abendveranstaltung &#8211; Termin wird noch bekannt gegeben)\u00a0 &gt;&gt;&gt; <a class=\"art-button\" href=\"https:\/\/webserver.vereine-und-verbaende.de\/webshop\/produkt\/bahntechnik-symposium-extra-ticket-nur-praesenzveranstaltung-inklusive-abendveranstaltung\/\">499 \u20acuro<\/a><\/p>\n<p>&gt;&gt;&gt; Das ONLINE-ANMELDEFORMULAR ist bis zum Anmeldeschluss am 25.01.2021 freigeschaltet.<\/p>\n<p style=\"text-align: right;\"><span style=\"color: #ffffff;\">.<\/span><\/p>\n<p><a href=\"https:\/\/webserver.vereine-und-verbaende.de\/webshop\/produkt\/bahntechnik-symposium-2021-standard-ticket\/\"><img loading=\"lazy\" decoding=\"async\" class=\"alignnone\" src=\"https:\/\/webserver.vereine-und-verbaende.de\/webshop\/wp-content\/uploads\/sites\/8\/bsb2021-standardticket-799.png\" alt=\"\" width=\"369\" height=\"307\" \/><\/a><\/p>\n<p>&nbsp;<\/p>\n<p>SONDERPREIS-CODE f\u00fcr Mitglieder des IFV BAHNTECHNIK e.V. (Bitte bei der Anmeldung key#2* der Bahnverband-Card angeben) :<\/p>\n<p>5a. Kategorie: Sonderpreis-Tagesticket f\u00fcr IFV-Mitglieder mit Bahnverband-Card &#8211; nur f\u00fcr Rail Noise (28.01.) &gt;&gt;&gt; 199 \u20acuro<\/p>\n<p>5b. Kategorie: Sonderpreis-Tagesticket f\u00fcr IFV-Mitglieder mit Bahnverband-Card: &#8211; nur f\u00fcr Urban Rail (29.01.) 199 \u20acuro<\/p>\n<p>6. Kategorie: Sonderpreis-Ticket f\u00fcr das GESAMTE Bahntechnik-Symposium (Online-Module plus Pr\u00e4senzveranstaltung) &gt;&gt;&gt; 699 \u20acuro<\/p>\n<p>(IFV-Mitglieder mit einer g\u00fcltigen Bahnverband-Card sparen 100 Euro gg\u00fc. Standard-Preis.)<\/p>\n<p>&nbsp;<\/p>\n<p>&nbsp;<\/p>\n<p style=\"text-align: right;\">.<\/p>\n<h3>Konventionelle Anmeldung<\/h3>\n<p>&gt;&gt;&gt; Download\u00a0 <a class=\"art-button\" href=\"https:\/\/technik-netzwerk.de\/fileserver-zentrale\/www-bahntechnik-symposium-de\/bahntechnik-symposium-2021\/prospekt.pdf\"><strong>Tagungsprospekt.pdf<\/strong><\/a><\/p>\n<p><a href=\"https:\/\/technik-netzwerk.de\/fileserver-zentrale\/www-bahntechnik-symposium-de\/bahntechnik-symposium-2021\/prospekt.pdf\"><img loading=\"lazy\" decoding=\"async\" class=\"aligncenter lazyloaded\" src=\"https:\/\/technik-netzwerk.de\/fileserver-zentrale\/www-bahntechnik-symposium-de\/bahntechnik-symposium-2021\/bahntechnik-symposium-tagungsprospekt-titelblatt.png\" alt=\"\" width=\"600\" height=\"859\" data-src=\"https:\/\/technik-netzwerk.de\/fileserver-zentrale\/www-bahntechnik-symposium-de\/bahntechnik-symposium-2021\/bahntechnik-symposium-tagungsprospekt-titelblatt.png\" \/><\/a><\/p>\n<ul>\n<li>Bitte die letzte Seite im Tagungsprospekt ausf\u00fcllen und (eingescannt) an den IFV zur\u00fccksenden &gt;&gt;&gt; tagung@ifv-bahntechnik.de<\/li>\n<\/ul>\n<p>&nbsp;<\/p>\n<p>&nbsp;<\/p>\n","protected":false},"excerpt":{"rendered":"<p>ANMELDEFORMULAR f\u00fcr das BAHNTECHNIK-SYMPOSIUM 2021 (Das Symposium wird &#8211; wegen der Corona-Situation &#8211; im Hybrid-Format angeboten, d.h. 1. Teil im Online-Format sowie ein optionaler 2. Teil als Pr\u00e4senzveranstaltung inklusive Networking-Event.) .. Online-Anmeldung . Im Webshop k\u00f6nnen folgende TICKETS in den WARENKORB gelegt und verbindlich gebucht werden. 1. Kategorie: STANDARD-Ticket f\u00fcr das Bahntechnik-Symposium &#8211; ALLE Konferenztage [&hellip;]<\/p>\n","protected":false},"author":1,"featured_media":0,"parent":0,"menu_order":0,"comment_status":"closed","ping_status":"closed","template":"","meta":{"footnotes":""},"class_list":["post-16","page","type-page","status-publish","hentry"],"_links":{"self":[{"href":"https:\/\/online-fachtagung.de\/bahntechnik-symposium-2021\/wp-json\/wp\/v2\/pages\/16","targetHints":{"allow":["GET"]}}],"collection":[{"href":"https:\/\/online-fachtagung.de\/bahntechnik-symposium-2021\/wp-json\/wp\/v2\/pages"}],"about":[{"href":"https:\/\/online-fachtagung.de\/bahntechnik-symposium-2021\/wp-json\/wp\/v2\/types\/page"}],"author":[{"embeddable":true,"href":"https:\/\/online-fachtagung.de\/bahntechnik-symposium-2021\/wp-json\/wp\/v2\/users\/1"}],"replies":[{"embeddable":true,"href":"https:\/\/online-fachtagung.de\/bahntechnik-symposium-2021\/wp-json\/wp\/v2\/comments?post=16"}],"version-history":[{"count":17,"href":"https:\/\/online-fachtagung.de\/bahntechnik-symposium-2021\/wp-json\/wp\/v2\/pages\/16\/revisions"}],"predecessor-version":[{"id":38,"href":"https:\/\/online-fachtagung.de\/bahntechnik-symposium-2021\/wp-json\/wp\/v2\/pages\/16\/revisions\/38"}],"wp:attachment":[{"href":"https:\/\/online-fachtagung.de\/bahntechnik-symposium-2021\/wp-json\/wp\/v2\/media?parent=16"}],"curies":[{"name":"wp","href":"https:\/\/api.w.org\/{rel}","templated":true}]}}